{"id":4431,"date":"2025-02-13T19:20:44","date_gmt":"2025-02-13T23:20:44","guid":{"rendered":"https:\/\/qrprincipal.com\/?page_id=4431"},"modified":"2025-02-13T19:25:05","modified_gmt":"2025-02-13T23:25:05","slug":"princesa","status":"publish","type":"page","link":"https:\/\/qrprincipal.com\/en\/cards\/princesa\/","title":{"rendered":"Princesa"},"content":{"rendered":"<div data-elementor-type=\"wp-page\" data-elementor-id=\"4431\" class=\"elementor elementor-4431\" data-elementor-post-type=\"page\">\n\t\t\t\t\t\t<section class=\"elementor-section elementor-top-section elementor-element elementor-element-fff66d6 elementor-section-full_width elementor-section-height-min-height elementor-section-stretched elementor-section-height-default elementor-section-items-middle\" data-id=\"fff66d6\" data-element_type=\"section\" data-settings=\"{&quot;stretch_section&quot;:&quot;section-stretched&quot;}\">\n\t\t\t\t\t\t<div class=\"elementor-container elementor-column-gap-default\">\n\t\t\t\t\t<div class=\"elementor-column elementor-col-100 elementor-top-column elementor-element elementor-element-d475d0c\" data-id=\"d475d0c\" data-element_type=\"column\" data-settings=\"{&quot;background_background&quot;:&quot;classic&quot;}\">\n\t\t\t<div class=\"elementor-widget-wrap elementor-element-populated\">\n\t\t\t\t\t<div class=\"elementor-background-overlay\"><\/div>\n\t\t\t\t\t\t<div class=\"elementor-element elementor-element-e8c3418 elementor-widget elementor-widget-html\" data-id=\"e8c3418\" data-element_type=\"widget\" data-widget_type=\"html.default\">\n\t\t\t\t<div class=\"elementor-widget-container\">\n\t\t\t  <style>\r\n    \/* Estilos generales *\/\r\n    .valentine-container {\r\n      text-align: center;\r\n      font-family: Arial, sans-serif;\r\n      height: 100vh;\r\n      display: flex;\r\n      flex-direction: column;\r\n      justify-content: center;\r\n      align-items: center;\r\n      position: relative;\r\n    }\r\n\r\n    .profile-pic {\r\n      width: 300px; \/* Tama\u00f1o peque\u00f1o *\/\r\n      height: 200px;\r\n      border-radius: 50%; \/* Hace la imagen redonda *\/\r\n      object-fit: cover; \/* Ajusta la imagen sin deformarla *\/\r\n      margin-bottom: 10px; \/* Espacio entre la imagen y el texto *\/\r\n    }\r\n\r\n    .name {\r\n      font-size: 36px;\r\n      font-weight: bold;\r\n      color: white;\r\n      margin-bottom: 10px;\r\n    }\r\n\r\n    .question {\r\n      font-size: 32px;\r\n      font-weight: bold;\r\n      margin-bottom: 20px;\r\n      color: white;\r\n    }\r\n\r\n    .btn-container {\r\n      position: relative;\r\n      width: 200px;\r\n      height: 100px;\r\n    }\r\n\r\n    .btn-yes, .btn-no {\r\n      font-size: 18px;\r\n      padding: 10px 20px;\r\n      border: none;\r\n      cursor: pointer;\r\n      transition: 0.3s;\r\n      position: absolute;\r\n      background-color: white !important;\r\n      color: black !important;\r\n    }\r\n\r\n    .btn-yes {\r\n      background-color: green;\r\n      color: white;\r\n      left: 20px;\r\n      top: 30px;\r\n    }\r\n\r\n    .btn-no {\r\n      background-color: red;\r\n      color: white;\r\n      left: 100px;\r\n      top: 30px;\r\n    }\r\n\r\n    \/* Popup *\/\r\n    .popup {\r\n      display: none;\r\n      position: fixed;\r\n      top: 50%;\r\n      left: 50%;\r\n      transform: translate(-50%, -50%);\r\n      background: white;\r\n      padding: 20px;\r\n      border-radius: 10px;\r\n      text-align: center;\r\n      box-shadow: 0px 0px 10px rgba(0, 0, 0, 0.3);\r\n    }\r\n\r\n    .popup h2 {\r\n      margin: 0 0 10px;\r\n    }\r\n\r\n    .popup p {\r\n      font-size: 18px;\r\n    }\r\n\r\n    .popup button {\r\n      background-color: green;\r\n      color: white;\r\n      padding: 10px 20px;\r\n      border: none;\r\n      cursor: pointer;\r\n      margin-top: 10px;\r\n    }\r\n\r\n    .overlay {\r\n      display: none;\r\n      position: fixed;\r\n      top: 0;\r\n      left: 0;\r\n      width: 100%;\r\n      height: 100%;\r\n      background: rgba(0, 0, 0, 0.5);\r\n    }\r\n  <\/style>\r\n<\/head>\r\n<body>\r\n\r\n<div class=\"valentine-container\">\r\n  <!-- Imagen de perfil peque\u00f1a y redonda -->\r\n  <img decoding=\"async\" src=\"https:\/\/qrprincipal.com\/wp-content\/uploads\/2025\/02\/cards-princesa.png\" alt=\"Foto de Princesa\" class=\"profile-pic\">\r\n\r\n  <p class=\"name\">Mi Princesa bella \ud83d\udc95<\/p>\r\n  <p class=\"question\">\u00bfQuieres ser mi San Valent\u00edn? \ud83d\udc96<\/p>\r\n  <div class=\"btn-container\">\r\n    <button class=\"btn-yes\" onclick=\"showPopup()\">S\u00ed<\/button>\r\n    <button class=\"btn-no\" onmouseover=\"moveNoButton()\" onclick=\"shrinkAndMoveNo()\">No<\/button>\r\n  <\/div>\r\n<\/div>\r\n\r\n<!-- Popup -->\r\n<div class=\"overlay\" id=\"overlay\"><\/div>\r\n<div class=\"popup\" id=\"popup\">\r\n  <h2>\u00a1Qu\u00e9 emoci\u00f3n! \u2764\ufe0f<\/h2>\r\n  <p>Sab\u00eda que dir\u00edas que s\u00ed, eres lo mejor que me ha pasado \ud83d\udc95<\/p>\r\n  <button onclick=\"redirectToWhatsApp()\">Ir a WhatsApp<\/button>\r\n<\/div>\r\n\r\n<script>\r\n  let angle = 0;\r\n  let radius = 20; \/\/ Radio inicial para el movimiento en espiral\r\n  let size = 18;   \/\/ Tama\u00f1o inicial del bot\u00f3n \"No\"\r\n  let noCounter = 0; \/\/ Contador de veces que presion\u00f3 \"No\"\r\n\r\n  function moveNoButton() {\r\n    let button = document.querySelector('.btn-no');\r\n\r\n    angle += Math.PI \/ 6; \/\/ Incremento de \u00e1ngulo en radianes (30\u00b0)\r\n    radius += 10; \/\/ Aumenta el radio para que se aleje m\u00e1s r\u00e1pido\r\n\r\n    let newX = 100 + radius * Math.cos(angle); \/\/ Movimiento en X\r\n    let newY = 30 + radius * Math.sin(angle);  \/\/ Movimiento en Y\r\n\r\n    button.style.left = newX + \"px\";\r\n    button.style.top = newY + \"px\";\r\n\r\n    \/\/ L\u00edmite para que no se salga completamente de la pantalla\r\n    if (radius > 150) {\r\n      radius = 20; \/\/ Reinicia la espiral para que vuelva a moverse cerca\r\n    }\r\n  }\r\n\r\n  function shrinkAndMoveNo() {\r\n    let button = document.querySelector('.btn-no');\r\n\r\n    \/\/ Hacerlo m\u00e1s peque\u00f1o cada clic\r\n    if (size > 5) {  \r\n      size -= 2; \r\n      button.style.fontSize = size + \"px\";\r\n      button.style.padding = (size \/ 2) + \"px\";\r\n    }\r\n\r\n    \/\/ Tambi\u00e9n moverlo cuando se haga clic\r\n    moveNoButton();\r\n\r\n    \/\/ Incrementa el contador de \"No\"\r\n    noCounter++;\r\n  }\r\n\r\n  function showPopup() {\r\n    document.getElementById(\"popup\").style.display = \"block\";\r\n    document.getElementById(\"overlay\").style.display = \"block\";\r\n  }\r\n  function redirectToWhatsApp() {\r\n  let message = `\u00a1S\u00ed acepto, qu\u00e9 emoci\u00f3n! \u2764\ufe0f Aunque presione \"No\" ${noCounter} veces antes \ud83d\ude02.`;\r\n\r\n  let encodedMessage = encodeURIComponent(message); \/\/ Codifica correctamente los caracteres y emojis\r\n\r\n  let whatsappLink = `https:\/\/wa.me\/59170429400?text=${encodedMessage}`;\r\n  window.location.href = whatsappLink;\r\n}\r\n<\/script>\r\n<\/body>\t\t<\/div>\n\t\t\t\t<\/div>\n\t\t\t\t\t<\/div>\n\t\t<\/div>\n\t\t\t\t\t<\/div>\n\t\t<\/section>\n\t\t\t\t<\/div>","protected":false},"excerpt":{"rendered":"<p>Mi Princesa bella \ud83d\udc95 \u00bfQuieres ser mi San Valent\u00edn? \ud83d\udc96 S\u00ed No \u00a1Qu\u00e9 emoci\u00f3n! \u2764\ufe0f Sab\u00eda que dir\u00edas que s\u00ed, eres lo mejor que me ha pasado \ud83d\udc95 Ir a WhatsApp<\/p>","protected":false},"author":1,"featured_media":0,"parent":4243,"menu_order":0,"comment_status":"closed","ping_status":"closed","template":"elementor_canvas","meta":{"footnotes":""},"folder":[35],"yoast_head":"<!-- This site is optimized with the Yoast SEO Premium plugin v20.5 (Yoast SEO v20.5) - https:\/\/yoast.com\/wordpress\/plugins\/seo\/ -->\n<title>Princesa - QRPRINCIPAL<\/title>\n<meta name=\"robots\" content=\"index, follow, max-snippet:-1, max-image-preview:large, max-video-preview:-1\" \/>\n<link rel=\"canonical\" href=\"https:\/\/qrprincipal.com\/en\/cards\/princesa\/\" \/>\n<meta property=\"og:locale\" content=\"en_US\" \/>\n<meta property=\"og:type\" content=\"article\" \/>\n<meta property=\"og:title\" content=\"Princesa\" \/>\n<meta property=\"og:description\" content=\"Mi Princesa bella \ud83d\udc95 \u00bfQuieres ser mi San Valent\u00edn? \ud83d\udc96 S\u00ed No \u00a1Qu\u00e9 emoci\u00f3n! \u2764\ufe0f Sab\u00eda que dir\u00edas que s\u00ed, eres lo mejor que me ha pasado \ud83d\udc95 Ir a WhatsApp\" \/>\n<meta property=\"og:url\" content=\"https:\/\/qrprincipal.com\/en\/cards\/princesa\/\" \/>\n<meta property=\"og:site_name\" content=\"QRPRINCIPAL\" \/>\n<meta property=\"article:modified_time\" content=\"2025-02-13T23:25:05+00:00\" \/>\n<meta property=\"og:image\" content=\"https:\/\/qrprincipal.com\/wp-content\/uploads\/2025\/02\/cards-princesa.png\" \/>\n<meta name=\"twitter:card\" content=\"summary_large_image\" \/>\n<meta name=\"twitter:label1\" content=\"Est. reading time\" \/>\n\t<meta name=\"twitter:data1\" content=\"4 minutes\" \/>\n<script type=\"application\/ld+json\" class=\"yoast-schema-graph\">{\"@context\":\"https:\/\/schema.org\",\"@graph\":[{\"@type\":\"WebPage\",\"@id\":\"https:\/\/qrprincipal.com\/cards\/princesa\/\",\"url\":\"https:\/\/qrprincipal.com\/cards\/princesa\/\",\"name\":\"Princesa - QRPRINCIPAL\",\"isPartOf\":{\"@id\":\"https:\/\/qrprincipal.com\/#website\"},\"datePublished\":\"2025-02-13T23:20:44+00:00\",\"dateModified\":\"2025-02-13T23:25:05+00:00\",\"breadcrumb\":{\"@id\":\"https:\/\/qrprincipal.com\/cards\/princesa\/#breadcrumb\"},\"inLanguage\":\"en-US\",\"potentialAction\":[{\"@type\":\"ReadAction\",\"target\":[\"https:\/\/qrprincipal.com\/cards\/princesa\/\"]}]},{\"@type\":\"BreadcrumbList\",\"@id\":\"https:\/\/qrprincipal.com\/cards\/princesa\/#breadcrumb\",\"itemListElement\":[{\"@type\":\"ListItem\",\"position\":1,\"name\":\"Portada\",\"item\":\"https:\/\/qrprincipal.com\/\"},{\"@type\":\"ListItem\",\"position\":2,\"name\":\"Cards\",\"item\":\"https:\/\/qrprincipal.com\/cards\/\"},{\"@type\":\"ListItem\",\"position\":3,\"name\":\"Princesa\"}]},{\"@type\":\"WebSite\",\"@id\":\"https:\/\/qrprincipal.com\/#website\",\"url\":\"https:\/\/qrprincipal.com\/\",\"name\":\"QRPRINCIPAL\",\"description\":\"\",\"publisher\":{\"@id\":\"https:\/\/qrprincipal.com\/#organization\"},\"potentialAction\":[{\"@type\":\"SearchAction\",\"target\":{\"@type\":\"EntryPoint\",\"urlTemplate\":\"https:\/\/qrprincipal.com\/?s={search_term_string}\"},\"query-input\":\"required name=search_term_string\"}],\"inLanguage\":\"en-US\"},{\"@type\":\"Organization\",\"@id\":\"https:\/\/qrprincipal.com\/#organization\",\"name\":\"QRPRINCIPAL\",\"alternateName\":\"QRP\",\"url\":\"https:\/\/qrprincipal.com\/\",\"logo\":{\"@type\":\"ImageObject\",\"inLanguage\":\"en-US\",\"@id\":\"https:\/\/qrprincipal.com\/#\/schema\/logo\/image\/\",\"url\":\"https:\/\/qrprincipal.com\/wp-content\/uploads\/2022\/12\/redesqrprincipal.jpg\",\"contentUrl\":\"https:\/\/qrprincipal.com\/wp-content\/uploads\/2022\/12\/redesqrprincipal.jpg\",\"width\":500,\"height\":500,\"caption\":\"QRPRINCIPAL\"},\"image\":{\"@id\":\"https:\/\/qrprincipal.com\/#\/schema\/logo\/image\/\"}}]}<\/script>\n<!-- \/ Yoast SEO Premium plugin. -->","yoast_head_json":{"title":"Princesa - QRPRINCIPAL","robots":{"index":"index","follow":"follow","max-snippet":"max-snippet:-1","max-image-preview":"max-image-preview:large","max-video-preview":"max-video-preview:-1"},"canonical":"https:\/\/qrprincipal.com\/en\/cards\/princesa\/","og_locale":"en_US","og_type":"article","og_title":"Princesa","og_description":"Mi Princesa bella \ud83d\udc95 \u00bfQuieres ser mi San Valent\u00edn? \ud83d\udc96 S\u00ed No \u00a1Qu\u00e9 emoci\u00f3n! \u2764\ufe0f Sab\u00eda que dir\u00edas que s\u00ed, eres lo mejor que me ha pasado \ud83d\udc95 Ir a WhatsApp","og_url":"https:\/\/qrprincipal.com\/en\/cards\/princesa\/","og_site_name":"QRPRINCIPAL","article_modified_time":"2025-02-13T23:25:05+00:00","og_image":[{"url":"https:\/\/qrprincipal.com\/wp-content\/uploads\/2025\/02\/cards-princesa.png"}],"twitter_card":"summary_large_image","twitter_misc":{"Est. reading time":"4 minutes"},"schema":{"@context":"https:\/\/schema.org","@graph":[{"@type":"WebPage","@id":"https:\/\/qrprincipal.com\/cards\/princesa\/","url":"https:\/\/qrprincipal.com\/cards\/princesa\/","name":"Princesa - QRPRINCIPAL","isPartOf":{"@id":"https:\/\/qrprincipal.com\/#website"},"datePublished":"2025-02-13T23:20:44+00:00","dateModified":"2025-02-13T23:25:05+00:00","breadcrumb":{"@id":"https:\/\/qrprincipal.com\/cards\/princesa\/#breadcrumb"},"inLanguage":"en-US","potentialAction":[{"@type":"ReadAction","target":["https:\/\/qrprincipal.com\/cards\/princesa\/"]}]},{"@type":"BreadcrumbList","@id":"https:\/\/qrprincipal.com\/cards\/princesa\/#breadcrumb","itemListElement":[{"@type":"ListItem","position":1,"name":"Portada","item":"https:\/\/qrprincipal.com\/"},{"@type":"ListItem","position":2,"name":"Cards","item":"https:\/\/qrprincipal.com\/cards\/"},{"@type":"ListItem","position":3,"name":"Princesa"}]},{"@type":"WebSite","@id":"https:\/\/qrprincipal.com\/#website","url":"https:\/\/qrprincipal.com\/","name":"QRPRINCIPAL","description":"","publisher":{"@id":"https:\/\/qrprincipal.com\/#organization"},"potentialAction":[{"@type":"SearchAction","target":{"@type":"EntryPoint","urlTemplate":"https:\/\/qrprincipal.com\/?s={search_term_string}"},"query-input":"required name=search_term_string"}],"inLanguage":"en-US"},{"@type":"Organization","@id":"https:\/\/qrprincipal.com\/#organization","name":"QRPRINCIPAL","alternateName":"QRP","url":"https:\/\/qrprincipal.com\/","logo":{"@type":"ImageObject","inLanguage":"en-US","@id":"https:\/\/qrprincipal.com\/#\/schema\/logo\/image\/","url":"https:\/\/qrprincipal.com\/wp-content\/uploads\/2022\/12\/redesqrprincipal.jpg","contentUrl":"https:\/\/qrprincipal.com\/wp-content\/uploads\/2022\/12\/redesqrprincipal.jpg","width":500,"height":500,"caption":"QRPRINCIPAL"},"image":{"@id":"https:\/\/qrprincipal.com\/#\/schema\/logo\/image\/"}}]}},"_links":{"self":[{"href":"https:\/\/qrprincipal.com\/en\/wp-json\/wp\/v2\/pages\/4431"}],"collection":[{"href":"https:\/\/qrprincipal.com\/en\/wp-json\/wp\/v2\/pages"}],"about":[{"href":"https:\/\/qrprincipal.com\/en\/wp-json\/wp\/v2\/types\/page"}],"author":[{"embeddable":true,"href":"https:\/\/qrprincipal.com\/en\/wp-json\/wp\/v2\/users\/1"}],"replies":[{"embeddable":true,"href":"https:\/\/qrprincipal.com\/en\/wp-json\/wp\/v2\/comments?post=4431"}],"version-history":[{"count":8,"href":"https:\/\/qrprincipal.com\/en\/wp-json\/wp\/v2\/pages\/4431\/revisions"}],"predecessor-version":[{"id":4441,"href":"https:\/\/qrprincipal.com\/en\/wp-json\/wp\/v2\/pages\/4431\/revisions\/4441"}],"up":[{"embeddable":true,"href":"https:\/\/qrprincipal.com\/en\/wp-json\/wp\/v2\/pages\/4243"}],"wp:attachment":[{"href":"https:\/\/qrprincipal.com\/en\/wp-json\/wp\/v2\/media?parent=4431"}],"wp:term":[{"taxonomy":"folder","embeddable":true,"href":"https:\/\/qrprincipal.com\/en\/wp-json\/wp\/v2\/folder?post=4431"}],"curies":[{"name":"wp","href":"https:\/\/api.w.org\/{rel}","templated":true}]}}