{"id":40,"date":"2022-12-10T10:48:05","date_gmt":"2022-12-10T14:48:05","guid":{"rendered":"https:\/\/qrprincipal.com\/?page_id=40"},"modified":"2023-04-22T01:50:19","modified_gmt":"2023-04-22T05:50:19","slug":"reglas-del-cupon","status":"publish","type":"page","link":"https:\/\/qrprincipal.com\/en\/reglas-del-cupon\/","title":{"rendered":"Coupon rules"},"content":{"rendered":"<div data-elementor-type=\"wp-page\" data-elementor-id=\"40\" class=\"elementor elementor-40\" data-elementor-post-type=\"page\">\n\t\t\t\t\t\t<section class=\"elementor-section elementor-top-section elementor-element elementor-element-7c24ec9 elementor-section-full_width elementor-section-height-min-height elementor-section-height-default elementor-section-items-middle\" data-id=\"7c24ec9\" data-element_type=\"section\" data-settings=\"{&quot;background_background&quot;:&quot;classic&quot;}\">\n\t\t\t\t\t\t<div class=\"elementor-container elementor-column-gap-default\">\n\t\t\t\t\t<div class=\"elementor-column elementor-col-100 elementor-top-column elementor-element elementor-element-7847192\" data-id=\"7847192\" data-element_type=\"column\">\n\t\t\t<div class=\"elementor-widget-wrap elementor-element-populated\">\n\t\t\t\t\t\t<section class=\"elementor-section elementor-inner-section elementor-element elementor-element-c874c39 elementor-section-boxed elementor-section-height-default elementor-section-height-default\" data-id=\"c874c39\" data-element_type=\"section\">\n\t\t\t\t\t\t<div class=\"elementor-container elementor-column-gap-default\">\n\t\t\t\t\t<div class=\"elementor-column elementor-col-50 elementor-inner-column elementor-element elementor-element-230cc32\" data-id=\"230cc32\" data-element_type=\"column\">\n\t\t\t<div class=\"elementor-widget-wrap elementor-element-populated\">\n\t\t\t\t\t\t<div class=\"elementor-element elementor-element-e40f13a elementor-widget elementor-widget-menu-anchor\" data-id=\"e40f13a\" data-element_type=\"widget\" data-widget_type=\"menu-anchor.default\">\n\t\t\t\t<div class=\"elementor-widget-container\">\n\t\t\t<style>\/*! elementor - v3.22.0 - 24-06-2024 *\/\nbody.elementor-page .elementor-widget-menu-anchor{margin-bottom:0}<\/style>\t\t<div class=\"elementor-menu-anchor\" id=\"header\"><\/div>\n\t\t\t\t<\/div>\n\t\t\t\t<\/div>\n\t\t\t\t<div class=\"elementor-element elementor-element-d2d91a7 elementor-view-default elementor-widget elementor-widget-icon\" data-id=\"d2d91a7\" data-element_type=\"widget\" data-widget_type=\"icon.default\">\n\t\t\t\t<div class=\"elementor-widget-container\">\n\t\t\t\t\t<div class=\"elementor-icon-wrapper\">\n\t\t\t<div class=\"elementor-icon\">\n\t\t\t<i aria-hidden=\"true\" class=\"fas fa-exclamation-circle\"><\/i>\t\t\t<\/div>\n\t\t<\/div>\n\t\t\t\t<\/div>\n\t\t\t\t<\/div>\n\t\t\t\t\t<\/div>\n\t\t<\/div>\n\t\t\t\t<div class=\"elementor-column elementor-col-50 elementor-inner-column elementor-element elementor-element-98ce0ed\" data-id=\"98ce0ed\" data-element_type=\"column\">\n\t\t\t<div class=\"elementor-widget-wrap elementor-element-populated\">\n\t\t\t\t\t\t<div class=\"elementor-element elementor-element-eac0934 elementor-widget elementor-widget-heading\" data-id=\"eac0934\" data-element_type=\"widget\" data-widget_type=\"heading.default\">\n\t\t\t\t<div class=\"elementor-widget-container\">\n\t\t\t<style>\/*! elementor - v3.22.0 - 24-06-2024 *\/\n.elementor-heading-title{padding:0;margin:0;line-height:1}.elementor-widget-heading .elementor-heading-title[class*=elementor-size-]>a{color:inherit;font-size:inherit;line-height:inherit}.elementor-widget-heading .elementor-heading-title.elementor-size-small{font-size:15px}.elementor-widget-heading .elementor-heading-title.elementor-size-medium{font-size:19px}.elementor-widget-heading .elementor-heading-title.elementor-size-large{font-size:29px}.elementor-widget-heading .elementor-heading-title.elementor-size-xl{font-size:39px}.elementor-widget-heading .elementor-heading-title.elementor-size-xxl{font-size:59px}<\/style><h1 class=\"elementor-heading-title elementor-size-default\">Coupon rules<\/h1>\t\t<\/div>\n\t\t\t\t<\/div>\n\t\t\t\t\t<\/div>\n\t\t<\/div>\n\t\t\t\t\t<\/div>\n\t\t<\/section>\n\t\t\t\t\t<\/div>\n\t\t<\/div>\n\t\t\t\t\t<\/div>\n\t\t<\/section>\n\t\t\t\t<section class=\"elementor-section elementor-top-section elementor-element elementor-element-0506e4f elementor-section-boxed elementor-section-height-default elementor-section-height-default\" data-id=\"0506e4f\" data-element_type=\"section\">\n\t\t\t\t\t\t<div class=\"elementor-container elementor-column-gap-default\">\n\t\t\t\t\t<div class=\"elementor-column elementor-col-100 elementor-top-column elementor-element elementor-element-932e93f\" data-id=\"932e93f\" data-element_type=\"column\" data-settings=\"{&quot;animation&quot;:&quot;none&quot;}\">\n\t\t\t<div class=\"elementor-widget-wrap elementor-element-populated\">\n\t\t\t\t\t\t<section class=\"elementor-section elementor-inner-section elementor-element elementor-element-b4d92a4 elementor-section-boxed elementor-section-height-default elementor-section-height-default\" data-id=\"b4d92a4\" data-element_type=\"section\">\n\t\t\t\t\t\t<div class=\"elementor-container elementor-column-gap-default\">\n\t\t\t\t\t<div class=\"elementor-column elementor-col-100 elementor-inner-column elementor-element elementor-element-331ed42\" data-id=\"331ed42\" data-element_type=\"column\" data-settings=\"{&quot;background_background&quot;:&quot;classic&quot;}\">\n\t\t\t<div class=\"elementor-widget-wrap elementor-element-populated\">\n\t\t\t\t\t\t<div class=\"elementor-element elementor-element-7838aff elementor-widget-divider--view-line elementor-widget elementor-widget-divider\" data-id=\"7838aff\" data-element_type=\"widget\" data-widget_type=\"divider.default\">\n\t\t\t\t<div class=\"elementor-widget-container\">\n\t\t\t<style>\/*! elementor - v3.22.0 - 24-06-2024 *\/\n.elementor-widget-divider{--divider-border-style:none;--divider-border-width:1px;--divider-color:#0c0d0e;--divider-icon-size:20px;--divider-element-spacing:10px;--divider-pattern-height:24px;--divider-pattern-size:20px;--divider-pattern-url:none;--divider-pattern-repeat:repeat-x}.elementor-widget-divider .elementor-divider{display:flex}.elementor-widget-divider .elementor-divider__text{font-size:15px;line-height:1;max-width:95%}.elementor-widget-divider .elementor-divider__element{margin:0 var(--divider-element-spacing);flex-shrink:0}.elementor-widget-divider .elementor-icon{font-size:var(--divider-icon-size)}.elementor-widget-divider .elementor-divider-separator{display:flex;margin:0;direction:ltr}.elementor-widget-divider--view-line_icon .elementor-divider-separator,.elementor-widget-divider--view-line_text .elementor-divider-separator{align-items:center}.elementor-widget-divider--view-line_icon .elementor-divider-separator:after,.elementor-widget-divider--view-line_icon .elementor-divider-separator:before,.elementor-widget-divider--view-line_text .elementor-divider-separator:after,.elementor-widget-divider--view-line_text .elementor-divider-separator:before{display:block;content:\"\";border-block-end:0;flex-grow:1;border-block-start:var(--divider-border-width) var(--divider-border-style) var(--divider-color)}.elementor-widget-divider--element-align-left .elementor-divider .elementor-divider-separator>.elementor-divider__svg:first-of-type{flex-grow:0;flex-shrink:100}.elementor-widget-divider--element-align-left .elementor-divider-separator:before{content:none}.elementor-widget-divider--element-align-left .elementor-divider__element{margin-left:0}.elementor-widget-divider--element-align-right .elementor-divider .elementor-divider-separator>.elementor-divider__svg:last-of-type{flex-grow:0;flex-shrink:100}.elementor-widget-divider--element-align-right .elementor-divider-separator:after{content:none}.elementor-widget-divider--element-align-right .elementor-divider__element{margin-right:0}.elementor-widget-divider--element-align-start .elementor-divider .elementor-divider-separator>.elementor-divider__svg:first-of-type{flex-grow:0;flex-shrink:100}.elementor-widget-divider--element-align-start .elementor-divider-separator:before{content:none}.elementor-widget-divider--element-align-start .elementor-divider__element{margin-inline-start:0}.elementor-widget-divider--element-align-end .elementor-divider .elementor-divider-separator>.elementor-divider__svg:last-of-type{flex-grow:0;flex-shrink:100}.elementor-widget-divider--element-align-end .elementor-divider-separator:after{content:none}.elementor-widget-divider--element-align-end .elementor-divider__element{margin-inline-end:0}.elementor-widget-divider:not(.elementor-widget-divider--view-line_text):not(.elementor-widget-divider--view-line_icon) .elementor-divider-separator{border-block-start:var(--divider-border-width) var(--divider-border-style) var(--divider-color)}.elementor-widget-divider--separator-type-pattern{--divider-border-style:none}.elementor-widget-divider--separator-type-pattern.elementor-widget-divider--view-line .elementor-divider-separator,.elementor-widget-divider--separator-type-pattern:not(.elementor-widget-divider--view-line) .elementor-divider-separator:after,.elementor-widget-divider--separator-type-pattern:not(.elementor-widget-divider--view-line) .elementor-divider-separator:before,.elementor-widget-divider--separator-type-pattern:not([class*=elementor-widget-divider--view]) .elementor-divider-separator{width:100%;min-height:var(--divider-pattern-height);-webkit-mask-size:var(--divider-pattern-size) 100%;mask-size:var(--divider-pattern-size) 100%;-webkit-mask-repeat:var(--divider-pattern-repeat);mask-repeat:var(--divider-pattern-repeat);background-color:var(--divider-color);-webkit-mask-image:var(--divider-pattern-url);mask-image:var(--divider-pattern-url)}.elementor-widget-divider--no-spacing{--divider-pattern-size:auto}.elementor-widget-divider--bg-round{--divider-pattern-repeat:round}.rtl .elementor-widget-divider .elementor-divider__text{direction:rtl}.e-con-inner>.elementor-widget-divider,.e-con>.elementor-widget-divider{width:var(--container-widget-width,100%);--flex-grow:var(--container-widget-flex-grow)}<\/style>\t\t<div class=\"elementor-divider\">\n\t\t\t<span class=\"elementor-divider-separator\">\n\t\t\t\t\t\t<\/span>\n\t\t<\/div>\n\t\t\t\t<\/div>\n\t\t\t\t<\/div>\n\t\t\t\t<div class=\"elementor-element elementor-element-e292315 elementor-widget elementor-widget-text-editor\" data-id=\"e292315\" data-element_type=\"widget\" data-widget_type=\"text-editor.default\">\n\t\t\t\t<div class=\"elementor-widget-container\">\n\t\t\t<style>\/*! elementor - v3.22.0 - 24-06-2024 *\/\n.elementor-widget-text-editor.elementor-drop-cap-view-stacked .elementor-drop-cap{background-color:#69727d;color:#fff}.elementor-widget-text-editor.elementor-drop-cap-view-framed .elementor-drop-cap{color:#69727d;border:3px solid;background-color:transparent}.elementor-widget-text-editor:not(.elementor-drop-cap-view-default) .elementor-drop-cap{margin-top:8px}.elementor-widget-text-editor:not(.elementor-drop-cap-view-default) .elementor-drop-cap-letter{width:1em;height:1em}.elementor-widget-text-editor .elementor-drop-cap{float:left;text-align:center;line-height:1;font-size:50px}.elementor-widget-text-editor .elementor-drop-cap-letter{display:inline-block}<\/style>\t\t\t\t<p><strong>Read the terms and conditions of QRPRINCIPAL Coupons.<br \/><\/strong>This paragraph describes the rules and regulations for the use of QRPRINCIPAL coupons.<\/p><ul><li>Coupons are valid for a limited time only. QRPRINCIPAL reserves the right to modify or cancel the coupons at any time.<\/li><li>If the coupon recipient does not purchase the eligible items when the coupon is valid, the discount will not be applied.<\/li><li>Coupon applies to eligible items only.<\/li><li>Coupon offer will not be valid unless applied to an eligible item.<\/li><li>The coupon can only be used at www.qrprincipal.com and in conjunction with the purchase of plans by qrprincipal.com and cannot be used on products sold by third parties.<\/li><li>The promotion is limited to one coupon per customer.<\/li><li>Offer is void where prohibited.<\/li><li>Coupons are void if restricted or prohibited by law.<\/li><\/ul>\t\t\t\t\t\t<\/div>\n\t\t\t\t<\/div>\n\t\t\t\t\t<\/div>\n\t\t<\/div>\n\t\t\t\t\t<\/div>\n\t\t<\/section>\n\t\t\t\t\t<\/div>\n\t\t<\/div>\n\t\t\t\t\t<\/div>\n\t\t<\/section>\n\t\t\t\t<\/div>","protected":false},"excerpt":{"rendered":"<p>Lee los t\u00e9rminos y condiciones de los Cupones QRPRINCIPAL.Este p\u00e1rrafo describe las reglas y regulaciones para el uso de cupones de QRPRINCIPAL. Los cupones son v\u00e1lidos solo por tiempo limitado. QRPRINCIPAL se reserva el derecho de modificar o cancelar los cupones en cualquier momento. Si el destinatario del cup\u00f3n no compra los art\u00edculos elegibles cuando [&hellip;]<\/p>","protected":false},"author":1,"featured_media":0,"parent":0,"menu_order":0,"comment_status":"closed","ping_status":"closed","template":"","meta":{"footnotes":""},"folder":[7],"yoast_head":"<!-- This site is optimized with the Yoast SEO Premium plugin v20.5 (Yoast SEO v20.5) - https:\/\/yoast.com\/wordpress\/plugins\/seo\/ -->\n<title>Reglas del cup\u00f3n - QRPRINCIPAL<\/title>\n<meta name=\"robots\" content=\"index, follow, max-snippet:-1, max-image-preview:large, max-video-preview:-1\" \/>\n<link rel=\"canonical\" href=\"https:\/\/qrprincipal.com\/en\/reglas-del-cupon\/\" \/>\n<meta property=\"og:locale\" content=\"en_US\" \/>\n<meta property=\"og:type\" content=\"article\" \/>\n<meta property=\"og:title\" content=\"Reglas del cup\u00f3n\" \/>\n<meta property=\"og:description\" content=\"Lee los t\u00e9rminos y condiciones de los Cupones QRPRINCIPAL.Este p\u00e1rrafo describe las reglas y regulaciones para el uso de cupones de QRPRINCIPAL. Los cupones son v\u00e1lidos solo por tiempo limitado. QRPRINCIPAL se reserva el derecho de modificar o cancelar los cupones en cualquier momento. Si el destinatario del cup\u00f3n no compra los art\u00edculos elegibles cuando [&hellip;]\" \/>\n<meta property=\"og:url\" content=\"https:\/\/qrprincipal.com\/en\/reglas-del-cupon\/\" \/>\n<meta property=\"og:site_name\" content=\"QRPRINCIPAL\" \/>\n<meta property=\"article:modified_time\" content=\"2023-04-22T05:50:19+00:00\" \/>\n<meta property=\"og:image\" content=\"https:\/\/qrprincipal.com\/wp-content\/uploads\/2023\/04\/qrpbg.jpg\" \/>\n\t<meta property=\"og:image:width\" content=\"1200\" \/>\n\t<meta property=\"og:image:height\" content=\"675\" \/>\n\t<meta property=\"og:image:type\" content=\"image\/jpeg\" \/>\n<meta name=\"twitter:card\" content=\"summary_large_image\" \/>\n<meta name=\"twitter:label1\" content=\"Est. reading time\" \/>\n\t<meta name=\"twitter:data1\" content=\"1 minute\" \/>\n<script type=\"application\/ld+json\" class=\"yoast-schema-graph\">{\"@context\":\"https:\/\/schema.org\",\"@graph\":[{\"@type\":\"WebPage\",\"@id\":\"https:\/\/qrprincipal.com\/reglas-del-cupon\/\",\"url\":\"https:\/\/qrprincipal.com\/reglas-del-cupon\/\",\"name\":\"Reglas del cup\u00f3n - QRPRINCIPAL\",\"isPartOf\":{\"@id\":\"https:\/\/qrprincipal.com\/#website\"},\"datePublished\":\"2022-12-10T14:48:05+00:00\",\"dateModified\":\"2023-04-22T05:50:19+00:00\",\"breadcrumb\":{\"@id\":\"https:\/\/qrprincipal.com\/reglas-del-cupon\/#breadcrumb\"},\"inLanguage\":\"en-US\",\"potentialAction\":[{\"@type\":\"ReadAction\",\"target\":[\"https:\/\/qrprincipal.com\/reglas-del-cupon\/\"]}]},{\"@type\":\"BreadcrumbList\",\"@id\":\"https:\/\/qrprincipal.com\/reglas-del-cupon\/#breadcrumb\",\"itemListElement\":[{\"@type\":\"ListItem\",\"position\":1,\"name\":\"Portada\",\"item\":\"https:\/\/qrprincipal.com\/\"},{\"@type\":\"ListItem\",\"position\":2,\"name\":\"Reglas del cup\u00f3n\"}]},{\"@type\":\"WebSite\",\"@id\":\"https:\/\/qrprincipal.com\/#website\",\"url\":\"https:\/\/qrprincipal.com\/\",\"name\":\"QRPRINCIPAL\",\"description\":\"\",\"publisher\":{\"@id\":\"https:\/\/qrprincipal.com\/#organization\"},\"potentialAction\":[{\"@type\":\"SearchAction\",\"target\":{\"@type\":\"EntryPoint\",\"urlTemplate\":\"https:\/\/qrprincipal.com\/?s={search_term_string}\"},\"query-input\":\"required name=search_term_string\"}],\"inLanguage\":\"en-US\"},{\"@type\":\"Organization\",\"@id\":\"https:\/\/qrprincipal.com\/#organization\",\"name\":\"QRPRINCIPAL\",\"alternateName\":\"QRP\",\"url\":\"https:\/\/qrprincipal.com\/\",\"logo\":{\"@type\":\"ImageObject\",\"inLanguage\":\"en-US\",\"@id\":\"https:\/\/qrprincipal.com\/#\/schema\/logo\/image\/\",\"url\":\"https:\/\/qrprincipal.com\/wp-content\/uploads\/2022\/12\/redesqrprincipal.jpg\",\"contentUrl\":\"https:\/\/qrprincipal.com\/wp-content\/uploads\/2022\/12\/redesqrprincipal.jpg\",\"width\":500,\"height\":500,\"caption\":\"QRPRINCIPAL\"},\"image\":{\"@id\":\"https:\/\/qrprincipal.com\/#\/schema\/logo\/image\/\"}}]}<\/script>\n<!-- \/ Yoast SEO Premium plugin. -->","yoast_head_json":{"title":"Reglas del cup\u00f3n - QRPRINCIPAL","robots":{"index":"index","follow":"follow","max-snippet":"max-snippet:-1","max-image-preview":"max-image-preview:large","max-video-preview":"max-video-preview:-1"},"canonical":"https:\/\/qrprincipal.com\/en\/reglas-del-cupon\/","og_locale":"en_US","og_type":"article","og_title":"Reglas del cup\u00f3n","og_description":"Lee los t\u00e9rminos y condiciones de los Cupones QRPRINCIPAL.Este p\u00e1rrafo describe las reglas y regulaciones para el uso de cupones de QRPRINCIPAL. Los cupones son v\u00e1lidos solo por tiempo limitado. QRPRINCIPAL se reserva el derecho de modificar o cancelar los cupones en cualquier momento. Si el destinatario del cup\u00f3n no compra los art\u00edculos elegibles cuando [&hellip;]","og_url":"https:\/\/qrprincipal.com\/en\/reglas-del-cupon\/","og_site_name":"QRPRINCIPAL","article_modified_time":"2023-04-22T05:50:19+00:00","og_image":[{"width":1200,"height":675,"url":"https:\/\/qrprincipal.com\/wp-content\/uploads\/2023\/04\/qrpbg.jpg","type":"image\/jpeg"}],"twitter_card":"summary_large_image","twitter_misc":{"Est. reading time":"1 minute"},"schema":{"@context":"https:\/\/schema.org","@graph":[{"@type":"WebPage","@id":"https:\/\/qrprincipal.com\/reglas-del-cupon\/","url":"https:\/\/qrprincipal.com\/reglas-del-cupon\/","name":"Reglas del cup\u00f3n - QRPRINCIPAL","isPartOf":{"@id":"https:\/\/qrprincipal.com\/#website"},"datePublished":"2022-12-10T14:48:05+00:00","dateModified":"2023-04-22T05:50:19+00:00","breadcrumb":{"@id":"https:\/\/qrprincipal.com\/reglas-del-cupon\/#breadcrumb"},"inLanguage":"en-US","potentialAction":[{"@type":"ReadAction","target":["https:\/\/qrprincipal.com\/reglas-del-cupon\/"]}]},{"@type":"BreadcrumbList","@id":"https:\/\/qrprincipal.com\/reglas-del-cupon\/#breadcrumb","itemListElement":[{"@type":"ListItem","position":1,"name":"Portada","item":"https:\/\/qrprincipal.com\/"},{"@type":"ListItem","position":2,"name":"Reglas del cup\u00f3n"}]},{"@type":"WebSite","@id":"https:\/\/qrprincipal.com\/#website","url":"https:\/\/qrprincipal.com\/","name":"QRPRINCIPAL","description":"","publisher":{"@id":"https:\/\/qrprincipal.com\/#organization"},"potentialAction":[{"@type":"SearchAction","target":{"@type":"EntryPoint","urlTemplate":"https:\/\/qrprincipal.com\/?s={search_term_string}"},"query-input":"required name=search_term_string"}],"inLanguage":"en-US"},{"@type":"Organization","@id":"https:\/\/qrprincipal.com\/#organization","name":"QRPRINCIPAL","alternateName":"QRP","url":"https:\/\/qrprincipal.com\/","logo":{"@type":"ImageObject","inLanguage":"en-US","@id":"https:\/\/qrprincipal.com\/#\/schema\/logo\/image\/","url":"https:\/\/qrprincipal.com\/wp-content\/uploads\/2022\/12\/redesqrprincipal.jpg","contentUrl":"https:\/\/qrprincipal.com\/wp-content\/uploads\/2022\/12\/redesqrprincipal.jpg","width":500,"height":500,"caption":"QRPRINCIPAL"},"image":{"@id":"https:\/\/qrprincipal.com\/#\/schema\/logo\/image\/"}}]}},"_links":{"self":[{"href":"https:\/\/qrprincipal.com\/en\/wp-json\/wp\/v2\/pages\/40"}],"collection":[{"href":"https:\/\/qrprincipal.com\/en\/wp-json\/wp\/v2\/pages"}],"about":[{"href":"https:\/\/qrprincipal.com\/en\/wp-json\/wp\/v2\/types\/page"}],"author":[{"embeddable":true,"href":"https:\/\/qrprincipal.com\/en\/wp-json\/wp\/v2\/users\/1"}],"replies":[{"embeddable":true,"href":"https:\/\/qrprincipal.com\/en\/wp-json\/wp\/v2\/comments?post=40"}],"version-history":[{"count":0,"href":"https:\/\/qrprincipal.com\/en\/wp-json\/wp\/v2\/pages\/40\/revisions"}],"wp:attachment":[{"href":"https:\/\/qrprincipal.com\/en\/wp-json\/wp\/v2\/media?parent=40"}],"wp:term":[{"taxonomy":"folder","embeddable":true,"href":"https:\/\/qrprincipal.com\/en\/wp-json\/wp\/v2\/folder?post=40"}],"curies":[{"name":"wp","href":"https:\/\/api.w.org\/{rel}","templated":true}]}}