{"id":3250,"date":"2024-06-07T10:34:38","date_gmt":"2024-06-07T14:34:38","guid":{"rendered":"https:\/\/qrprincipal.com\/?page_id=3250"},"modified":"2024-06-07T10:58:16","modified_gmt":"2024-06-07T14:58:16","slug":"terminos-y-condiciones-del-cupon","status":"publish","type":"page","link":"https:\/\/qrprincipal.com\/en\/terminos-y-condiciones-del-cupon\/","title":{"rendered":"T\u00e9rminos y condiciones del cup\u00f3n"},"content":{"rendered":"<div data-elementor-type=\"wp-page\" data-elementor-id=\"3250\" class=\"elementor elementor-3250\" data-elementor-post-type=\"page\">\n\t\t\t\t\t\t<section class=\"elementor-section elementor-top-section elementor-element elementor-element-c522011 elementor-section-full_width elementor-section-height-min-height elementor-section-height-default elementor-section-items-middle\" data-id=\"c522011\" data-element_type=\"section\" data-settings=\"{&quot;background_background&quot;:&quot;classic&quot;}\">\n\t\t\t\t\t\t<div class=\"elementor-container elementor-column-gap-default\">\n\t\t\t\t\t<div class=\"elementor-column elementor-col-100 elementor-top-column elementor-element elementor-element-a790485\" data-id=\"a790485\" data-element_type=\"column\">\n\t\t\t<div class=\"elementor-widget-wrap elementor-element-populated\">\n\t\t\t\t\t\t<section class=\"elementor-section elementor-inner-section elementor-element elementor-element-ea9e2d5 elementor-section-boxed elementor-section-height-default elementor-section-height-default\" data-id=\"ea9e2d5\" data-element_type=\"section\">\n\t\t\t\t\t\t<div class=\"elementor-container elementor-column-gap-default\">\n\t\t\t\t\t<div class=\"elementor-column elementor-col-50 elementor-inner-column elementor-element elementor-element-33a82ef\" data-id=\"33a82ef\" data-element_type=\"column\">\n\t\t\t<div class=\"elementor-widget-wrap elementor-element-populated\">\n\t\t\t\t\t\t<div class=\"elementor-element elementor-element-ea8af46 elementor-widget elementor-widget-menu-anchor\" data-id=\"ea8af46\" data-element_type=\"widget\" data-widget_type=\"menu-anchor.default\">\n\t\t\t\t<div class=\"elementor-widget-container\">\n\t\t\t<style>\/*! elementor - v3.22.0 - 24-06-2024 *\/\nbody.elementor-page .elementor-widget-menu-anchor{margin-bottom:0}<\/style>\t\t<div class=\"elementor-menu-anchor\" id=\"header\"><\/div>\n\t\t\t\t<\/div>\n\t\t\t\t<\/div>\n\t\t\t\t<div class=\"elementor-element elementor-element-b3b952d elementor-view-default elementor-widget elementor-widget-icon\" data-id=\"b3b952d\" data-element_type=\"widget\" data-widget_type=\"icon.default\">\n\t\t\t\t<div class=\"elementor-widget-container\">\n\t\t\t\t\t<div class=\"elementor-icon-wrapper\">\n\t\t\t<div class=\"elementor-icon\">\n\t\t\t<i aria-hidden=\"true\" class=\"fas fa-clipboard-list\"><\/i>\t\t\t<\/div>\n\t\t<\/div>\n\t\t\t\t<\/div>\n\t\t\t\t<\/div>\n\t\t\t\t\t<\/div>\n\t\t<\/div>\n\t\t\t\t<div class=\"elementor-column elementor-col-50 elementor-inner-column elementor-element elementor-element-47f8de3\" data-id=\"47f8de3\" data-element_type=\"column\">\n\t\t\t<div class=\"elementor-widget-wrap elementor-element-populated\">\n\t\t\t\t\t\t<div class=\"elementor-element elementor-element-20c9aba elementor-widget elementor-widget-heading\" data-id=\"20c9aba\" data-element_type=\"widget\" data-widget_type=\"heading.default\">\n\t\t\t\t<div class=\"elementor-widget-container\">\n\t\t\t<style>\/*! elementor - v3.22.0 - 24-06-2024 *\/\n.elementor-heading-title{padding:0;margin:0;line-height:1}.elementor-widget-heading .elementor-heading-title[class*=elementor-size-]>a{color:inherit;font-size:inherit;line-height:inherit}.elementor-widget-heading .elementor-heading-title.elementor-size-small{font-size:15px}.elementor-widget-heading .elementor-heading-title.elementor-size-medium{font-size:19px}.elementor-widget-heading .elementor-heading-title.elementor-size-large{font-size:29px}.elementor-widget-heading .elementor-heading-title.elementor-size-xl{font-size:39px}.elementor-widget-heading .elementor-heading-title.elementor-size-xxl{font-size:59px}<\/style><h1 class=\"elementor-heading-title elementor-size-default\">T\u00e9rminos y condiciones del cup\u00f3n<\/h1>\t\t<\/div>\n\t\t\t\t<\/div>\n\t\t\t\t\t<\/div>\n\t\t<\/div>\n\t\t\t\t\t<\/div>\n\t\t<\/section>\n\t\t\t\t\t<\/div>\n\t\t<\/div>\n\t\t\t\t\t<\/div>\n\t\t<\/section>\n\t\t\t\t<section class=\"elementor-section elementor-top-section elementor-element elementor-element-72fdacc elementor-section-boxed elementor-section-height-default elementor-section-height-default\" data-id=\"72fdacc\" data-element_type=\"section\">\n\t\t\t\t\t\t<div class=\"elementor-container elementor-column-gap-default\">\n\t\t\t\t\t<div class=\"elementor-column elementor-col-100 elementor-top-column elementor-element elementor-element-d7cb009\" data-id=\"d7cb009\" data-element_type=\"column\" data-settings=\"{&quot;animation&quot;:&quot;none&quot;}\">\n\t\t\t<div class=\"elementor-widget-wrap elementor-element-populated\">\n\t\t\t\t\t\t<section class=\"elementor-section elementor-inner-section elementor-element elementor-element-8f0b9c5 elementor-section-boxed elementor-section-height-default elementor-section-height-default\" data-id=\"8f0b9c5\" data-element_type=\"section\">\n\t\t\t\t\t\t<div class=\"elementor-container elementor-column-gap-default\">\n\t\t\t\t\t<div class=\"elementor-column elementor-col-100 elementor-inner-column elementor-element elementor-element-96072f9\" data-id=\"96072f9\" data-element_type=\"column\" data-settings=\"{&quot;background_background&quot;:&quot;classic&quot;}\">\n\t\t\t<div class=\"elementor-widget-wrap elementor-element-populated\">\n\t\t\t\t\t\t<div class=\"elementor-element elementor-element-cc35fda elementor-widget-divider--view-line elementor-widget elementor-widget-divider\" data-id=\"cc35fda\" data-element_type=\"widget\" data-widget_type=\"divider.default\">\n\t\t\t\t<div class=\"elementor-widget-container\">\n\t\t\t<style>\/*! elementor - v3.22.0 - 24-06-2024 *\/\n.elementor-widget-divider{--divider-border-style:none;--divider-border-width:1px;--divider-color:#0c0d0e;--divider-icon-size:20px;--divider-element-spacing:10px;--divider-pattern-height:24px;--divider-pattern-size:20px;--divider-pattern-url:none;--divider-pattern-repeat:repeat-x}.elementor-widget-divider .elementor-divider{display:flex}.elementor-widget-divider .elementor-divider__text{font-size:15px;line-height:1;max-width:95%}.elementor-widget-divider .elementor-divider__element{margin:0 var(--divider-element-spacing);flex-shrink:0}.elementor-widget-divider .elementor-icon{font-size:var(--divider-icon-size)}.elementor-widget-divider .elementor-divider-separator{display:flex;margin:0;direction:ltr}.elementor-widget-divider--view-line_icon .elementor-divider-separator,.elementor-widget-divider--view-line_text .elementor-divider-separator{align-items:center}.elementor-widget-divider--view-line_icon .elementor-divider-separator:after,.elementor-widget-divider--view-line_icon .elementor-divider-separator:before,.elementor-widget-divider--view-line_text .elementor-divider-separator:after,.elementor-widget-divider--view-line_text .elementor-divider-separator:before{display:block;content:\"\";border-block-end:0;flex-grow:1;border-block-start:var(--divider-border-width) var(--divider-border-style) var(--divider-color)}.elementor-widget-divider--element-align-left .elementor-divider .elementor-divider-separator>.elementor-divider__svg:first-of-type{flex-grow:0;flex-shrink:100}.elementor-widget-divider--element-align-left .elementor-divider-separator:before{content:none}.elementor-widget-divider--element-align-left .elementor-divider__element{margin-left:0}.elementor-widget-divider--element-align-right .elementor-divider .elementor-divider-separator>.elementor-divider__svg:last-of-type{flex-grow:0;flex-shrink:100}.elementor-widget-divider--element-align-right .elementor-divider-separator:after{content:none}.elementor-widget-divider--element-align-right .elementor-divider__element{margin-right:0}.elementor-widget-divider--element-align-start .elementor-divider .elementor-divider-separator>.elementor-divider__svg:first-of-type{flex-grow:0;flex-shrink:100}.elementor-widget-divider--element-align-start .elementor-divider-separator:before{content:none}.elementor-widget-divider--element-align-start .elementor-divider__element{margin-inline-start:0}.elementor-widget-divider--element-align-end .elementor-divider .elementor-divider-separator>.elementor-divider__svg:last-of-type{flex-grow:0;flex-shrink:100}.elementor-widget-divider--element-align-end .elementor-divider-separator:after{content:none}.elementor-widget-divider--element-align-end .elementor-divider__element{margin-inline-end:0}.elementor-widget-divider:not(.elementor-widget-divider--view-line_text):not(.elementor-widget-divider--view-line_icon) .elementor-divider-separator{border-block-start:var(--divider-border-width) var(--divider-border-style) var(--divider-color)}.elementor-widget-divider--separator-type-pattern{--divider-border-style:none}.elementor-widget-divider--separator-type-pattern.elementor-widget-divider--view-line .elementor-divider-separator,.elementor-widget-divider--separator-type-pattern:not(.elementor-widget-divider--view-line) .elementor-divider-separator:after,.elementor-widget-divider--separator-type-pattern:not(.elementor-widget-divider--view-line) .elementor-divider-separator:before,.elementor-widget-divider--separator-type-pattern:not([class*=elementor-widget-divider--view]) .elementor-divider-separator{width:100%;min-height:var(--divider-pattern-height);-webkit-mask-size:var(--divider-pattern-size) 100%;mask-size:var(--divider-pattern-size) 100%;-webkit-mask-repeat:var(--divider-pattern-repeat);mask-repeat:var(--divider-pattern-repeat);background-color:var(--divider-color);-webkit-mask-image:var(--divider-pattern-url);mask-image:var(--divider-pattern-url)}.elementor-widget-divider--no-spacing{--divider-pattern-size:auto}.elementor-widget-divider--bg-round{--divider-pattern-repeat:round}.rtl .elementor-widget-divider .elementor-divider__text{direction:rtl}.e-con-inner>.elementor-widget-divider,.e-con>.elementor-widget-divider{width:var(--container-widget-width,100%);--flex-grow:var(--container-widget-flex-grow)}<\/style>\t\t<div class=\"elementor-divider\">\n\t\t\t<span class=\"elementor-divider-separator\">\n\t\t\t\t\t\t<\/span>\n\t\t<\/div>\n\t\t\t\t<\/div>\n\t\t\t\t<\/div>\n\t\t\t\t<div class=\"elementor-element elementor-element-51c4da1 elementor-widget elementor-widget-text-editor\" data-id=\"51c4da1\" data-element_type=\"widget\" data-widget_type=\"text-editor.default\">\n\t\t\t\t<div class=\"elementor-widget-container\">\n\t\t\t<style>\/*! elementor - v3.22.0 - 24-06-2024 *\/\n.elementor-widget-text-editor.elementor-drop-cap-view-stacked .elementor-drop-cap{background-color:#69727d;color:#fff}.elementor-widget-text-editor.elementor-drop-cap-view-framed .elementor-drop-cap{color:#69727d;border:3px solid;background-color:transparent}.elementor-widget-text-editor:not(.elementor-drop-cap-view-default) .elementor-drop-cap{margin-top:8px}.elementor-widget-text-editor:not(.elementor-drop-cap-view-default) .elementor-drop-cap-letter{width:1em;height:1em}.elementor-widget-text-editor .elementor-drop-cap{float:left;text-align:center;line-height:1;font-size:50px}.elementor-widget-text-editor .elementor-drop-cap-letter{display:inline-block}<\/style>\t\t\t\t<p style=\"text-align: center;\"><blockquote class=\"wp-embedded-content\" data-secret=\"bB372nUNvt\"><a href=\"https:\/\/qrprincipal.com\/en\/\">Home<\/a><\/blockquote><iframe class=\"wp-embedded-content\" sandbox=\"allow-scripts\" security=\"restricted\" style=\"position: absolute; clip: rect(1px, 1px, 1px, 1px);\" title=\"\u00abHome\u00bb \u2014 QRPRINCIPAL\" src=\"https:\/\/qrprincipal.com\/embed\/#?secret=lOBHwOvfOP#?secret=bB372nUNvt\" data-secret=\"bB372nUNvt\" width=\"600\" height=\"338\" frameborder=\"0\" marginwidth=\"0\" marginheight=\"0\" scrolling=\"no\"><\/iframe><\/p><p style=\"text-align: center;\"><strong>T<\/strong><b>\u00e9rminos y Condiciones de la Promoci\u00f3n \u00abESCAN\u00c9AME &#8211; QRPRINCIPAL\u00bb\u00a0<\/b><\/p><p><strong>I. <\/strong><b>Nombre de la Promoci\u00f3n Empresarial<\/b><br \/>ESCAN\u00c9AME &#8211; QRPRINCIPAL<\/p><p><strong>II. C\u00f3digo de autorizaci\u00f3n aprobado por la &#8220;Autoridad de fiscalizaci\u00f3n del Juego&#8221;<\/strong><br \/>CB-80-24<\/p><p><strong>I<\/strong><b>II. Periodo de Duraci\u00f3n La promoci\u00f3n<\/b><br \/>Estar\u00e1 vigente seg\u00fan AJ\/DRCB\/DJ\/RAA\/80\/2024 de fecha 31 de mayo de 2024, hasta el 30 de septiembre de 2024.<\/p><p><strong>IV<\/strong><b>. Modalidad de Premiaci\u00f3n<\/b><br \/>La promoci\u00f3n es v\u00e1lida en todo Bolivia.<\/p><p><b>V. Modalidades<\/b><br \/><strong>1<\/strong><b>. Escaneo del QR del Cup\u00f3n. <\/b>Se considerar\u00e1 ganador a toda persona que: &#8211; Escanee el c\u00f3digo QR del cup\u00f3n publicado o<span style=\"color: var( --e-global-color-primary ); font-family: var( --e-global-typography-text-font-family ), Sans-serif; font-weight: var( --e-global-typography-text-font-weight ); font-size: 1rem;\">\u00a0acceda directamente a la URL: [qrprincipal.com\/cupon](<\/span><a style=\"font-family: var( --e-global-typography-text-font-family ), Sans-serif; font-weight: var( --e-global-typography-text-font-weight ); background-color: #ffffff; font-size: 1rem;\" tabindex=\"-1\" href=\"https:\/\/qrprincipal.com\/en\/cupon\/\" target=\"_blank\" rel=\"noopener noreferrer\">https:\/\/qrprincipal.com\/cupon<\/a><span style=\"color: var( --e-global-color-primary ); font-family: var( --e-global-typography-text-font-family ), Sans-serif; font-weight: var( --e-global-typography-text-font-weight ); font-size: 1rem;\">) desde su dispositivo m\u00f3vil o computadora. &#8211; Llene y env\u00ede el Formulario del Cup\u00f3n de Descuento con sus datos, los que ser\u00e1n validados por QRPrincipal desde nuestra \u00fanica l\u00ednea de WhatsApp n\u00famero 67-885-885. &#8211; La verificaci\u00f3n de sus se realizar\u00e1 en la respuesta de confirmaci\u00f3n. &#8211;<em><strong> Al efectivizar el pago y contrataci\u00f3n de uno de los servicios (Tienda QRWeb o P\u00e1gina QRWeb), se aplicar\u00e1 un descuento de 50 Bs. (cincuenta 00\/100 bolivianos).<\/strong><\/em><\/span><\/p><p><strong>2.<\/strong><b> Contacto al Celular o WhatsApp 67-885-885.<\/b> Se considerar\u00e1 ganador a toda persona que: &#8211; Llame o se contacte al n\u00famero 67-885-885 o se contacte al WhatsApp de este n\u00famero. &#8211; Consulte por la promoci\u00f3n \u201cEscan\u00e9ame \u2013 QRPrincipal\u201d y desee que llenemos el formulario del cup\u00f3n de descuento. &#8211; Est\u00e9 de acuerdo en proporcionarnos los datos requeridos en el formulario de descuento a nuestra l\u00ednea especificada para validar su informaci\u00f3n\u00a0 y su verificaci\u00f3n en la respuesta de confirmaci\u00f3n. &#8211; <em><strong>Al efectivizar el pago y contrataci\u00f3n de uno de los servicios (Tienda QRWeb o P\u00e1gina QRWeb), se aplicar\u00e1 un descuento de 50 Bs. (cincuenta 00\/100 bolivianos).<\/strong><\/em><\/p><p>\u00a0<\/p>\t\t\t\t\t\t<\/div>\n\t\t\t\t<\/div>\n\t\t\t\t\t<\/div>\n\t\t<\/div>\n\t\t\t\t\t<\/div>\n\t\t<\/section>\n\t\t\t\t\t<\/div>\n\t\t<\/div>\n\t\t\t\t\t<\/div>\n\t\t<\/section>\n\t\t\t\t<\/div>","protected":false},"excerpt":{"rendered":"<p>Home T\u00e9rminos y Condiciones de la Promoci\u00f3n \u00abESCAN\u00c9AME &#8211; QRPRINCIPAL\u00bb\u00a0 I. Nombre de la Promoci\u00f3n EmpresarialESCAN\u00c9AME &#8211; QRPRINCIPAL II. C\u00f3digo de autorizaci\u00f3n aprobado por la &#8220;Autoridad de fiscalizaci\u00f3n del Juego&#8221;CB-80-24 III. Periodo de Duraci\u00f3n La promoci\u00f3nEstar\u00e1 vigente seg\u00fan AJ\/DRCB\/DJ\/RAA\/80\/2024 de fecha 31 de mayo de 2024, hasta el 30 de septiembre de 2024. IV. Modalidad [&hellip;]<\/p>","protected":false},"author":1,"featured_media":0,"parent":0,"menu_order":0,"comment_status":"closed","ping_status":"closed","template":"","meta":{"footnotes":""},"folder":[7],"yoast_head":"<!-- This site is optimized with the Yoast SEO Premium plugin v20.5 (Yoast SEO v20.5) - https:\/\/yoast.com\/wordpress\/plugins\/seo\/ -->\n<title>T\u00e9rminos y condiciones del cup\u00f3n - QRPRINCIPAL<\/title>\n<meta name=\"robots\" content=\"index, follow, max-snippet:-1, max-image-preview:large, max-video-preview:-1\" \/>\n<link rel=\"canonical\" href=\"https:\/\/qrprincipal.com\/en\/terminos-y-condiciones-del-cupon\/\" \/>\n<meta property=\"og:locale\" content=\"en_US\" \/>\n<meta property=\"og:type\" content=\"article\" \/>\n<meta property=\"og:title\" content=\"T\u00e9rminos y condiciones del cup\u00f3n\" \/>\n<meta property=\"og:description\" content=\"Home T\u00e9rminos y Condiciones de la Promoci\u00f3n \u00abESCAN\u00c9AME &#8211; QRPRINCIPAL\u00bb\u00a0 I. Nombre de la Promoci\u00f3n EmpresarialESCAN\u00c9AME &#8211; QRPRINCIPAL II. C\u00f3digo de autorizaci\u00f3n aprobado por la &#8220;Autoridad de fiscalizaci\u00f3n del Juego&#8221;CB-80-24 III. Periodo de Duraci\u00f3n La promoci\u00f3nEstar\u00e1 vigente seg\u00fan AJ\/DRCB\/DJ\/RAA\/80\/2024 de fecha 31 de mayo de 2024, hasta el 30 de septiembre de 2024. IV. Modalidad [&hellip;]\" \/>\n<meta property=\"og:url\" content=\"https:\/\/qrprincipal.com\/en\/terminos-y-condiciones-del-cupon\/\" \/>\n<meta property=\"og:site_name\" content=\"QRPRINCIPAL\" \/>\n<meta property=\"article:modified_time\" content=\"2024-06-07T14:58:16+00:00\" \/>\n<meta property=\"og:image\" content=\"https:\/\/qrprincipal.com\/wp-content\/uploads\/2023\/04\/qrpbg.jpg\" \/>\n\t<meta property=\"og:image:width\" content=\"1200\" \/>\n\t<meta property=\"og:image:height\" content=\"675\" \/>\n\t<meta property=\"og:image:type\" content=\"image\/jpeg\" \/>\n<meta name=\"twitter:card\" content=\"summary_large_image\" \/>\n<meta name=\"twitter:label1\" content=\"Est. reading time\" \/>\n\t<meta name=\"twitter:data1\" content=\"2 minutes\" \/>\n<script type=\"application\/ld+json\" class=\"yoast-schema-graph\">{\"@context\":\"https:\/\/schema.org\",\"@graph\":[{\"@type\":\"WebPage\",\"@id\":\"https:\/\/qrprincipal.com\/terminos-y-condiciones-del-cupon\/\",\"url\":\"https:\/\/qrprincipal.com\/terminos-y-condiciones-del-cupon\/\",\"name\":\"T\u00e9rminos y condiciones del cup\u00f3n - QRPRINCIPAL\",\"isPartOf\":{\"@id\":\"https:\/\/qrprincipal.com\/#website\"},\"datePublished\":\"2024-06-07T14:34:38+00:00\",\"dateModified\":\"2024-06-07T14:58:16+00:00\",\"breadcrumb\":{\"@id\":\"https:\/\/qrprincipal.com\/terminos-y-condiciones-del-cupon\/#breadcrumb\"},\"inLanguage\":\"en-US\",\"potentialAction\":[{\"@type\":\"ReadAction\",\"target\":[\"https:\/\/qrprincipal.com\/terminos-y-condiciones-del-cupon\/\"]}]},{\"@type\":\"BreadcrumbList\",\"@id\":\"https:\/\/qrprincipal.com\/terminos-y-condiciones-del-cupon\/#breadcrumb\",\"itemListElement\":[{\"@type\":\"ListItem\",\"position\":1,\"name\":\"Portada\",\"item\":\"https:\/\/qrprincipal.com\/\"},{\"@type\":\"ListItem\",\"position\":2,\"name\":\"T\u00e9rminos y condiciones del cup\u00f3n\"}]},{\"@type\":\"WebSite\",\"@id\":\"https:\/\/qrprincipal.com\/#website\",\"url\":\"https:\/\/qrprincipal.com\/\",\"name\":\"QRPRINCIPAL\",\"description\":\"\",\"publisher\":{\"@id\":\"https:\/\/qrprincipal.com\/#organization\"},\"potentialAction\":[{\"@type\":\"SearchAction\",\"target\":{\"@type\":\"EntryPoint\",\"urlTemplate\":\"https:\/\/qrprincipal.com\/?s={search_term_string}\"},\"query-input\":\"required name=search_term_string\"}],\"inLanguage\":\"en-US\"},{\"@type\":\"Organization\",\"@id\":\"https:\/\/qrprincipal.com\/#organization\",\"name\":\"QRPRINCIPAL\",\"alternateName\":\"QRP\",\"url\":\"https:\/\/qrprincipal.com\/\",\"logo\":{\"@type\":\"ImageObject\",\"inLanguage\":\"en-US\",\"@id\":\"https:\/\/qrprincipal.com\/#\/schema\/logo\/image\/\",\"url\":\"https:\/\/qrprincipal.com\/wp-content\/uploads\/2022\/12\/redesqrprincipal.jpg\",\"contentUrl\":\"https:\/\/qrprincipal.com\/wp-content\/uploads\/2022\/12\/redesqrprincipal.jpg\",\"width\":500,\"height\":500,\"caption\":\"QRPRINCIPAL\"},\"image\":{\"@id\":\"https:\/\/qrprincipal.com\/#\/schema\/logo\/image\/\"}}]}<\/script>\n<!-- \/ Yoast SEO Premium plugin. -->","yoast_head_json":{"title":"T\u00e9rminos y condiciones del cup\u00f3n - QRPRINCIPAL","robots":{"index":"index","follow":"follow","max-snippet":"max-snippet:-1","max-image-preview":"max-image-preview:large","max-video-preview":"max-video-preview:-1"},"canonical":"https:\/\/qrprincipal.com\/en\/terminos-y-condiciones-del-cupon\/","og_locale":"en_US","og_type":"article","og_title":"T\u00e9rminos y condiciones del cup\u00f3n","og_description":"Home T\u00e9rminos y Condiciones de la Promoci\u00f3n \u00abESCAN\u00c9AME &#8211; QRPRINCIPAL\u00bb\u00a0 I. Nombre de la Promoci\u00f3n EmpresarialESCAN\u00c9AME &#8211; QRPRINCIPAL II. C\u00f3digo de autorizaci\u00f3n aprobado por la &#8220;Autoridad de fiscalizaci\u00f3n del Juego&#8221;CB-80-24 III. Periodo de Duraci\u00f3n La promoci\u00f3nEstar\u00e1 vigente seg\u00fan AJ\/DRCB\/DJ\/RAA\/80\/2024 de fecha 31 de mayo de 2024, hasta el 30 de septiembre de 2024. IV. Modalidad [&hellip;]","og_url":"https:\/\/qrprincipal.com\/en\/terminos-y-condiciones-del-cupon\/","og_site_name":"QRPRINCIPAL","article_modified_time":"2024-06-07T14:58:16+00:00","og_image":[{"width":1200,"height":675,"url":"https:\/\/qrprincipal.com\/wp-content\/uploads\/2023\/04\/qrpbg.jpg","type":"image\/jpeg"}],"twitter_card":"summary_large_image","twitter_misc":{"Est. reading time":"2 minutes"},"schema":{"@context":"https:\/\/schema.org","@graph":[{"@type":"WebPage","@id":"https:\/\/qrprincipal.com\/terminos-y-condiciones-del-cupon\/","url":"https:\/\/qrprincipal.com\/terminos-y-condiciones-del-cupon\/","name":"T\u00e9rminos y condiciones del cup\u00f3n - QRPRINCIPAL","isPartOf":{"@id":"https:\/\/qrprincipal.com\/#website"},"datePublished":"2024-06-07T14:34:38+00:00","dateModified":"2024-06-07T14:58:16+00:00","breadcrumb":{"@id":"https:\/\/qrprincipal.com\/terminos-y-condiciones-del-cupon\/#breadcrumb"},"inLanguage":"en-US","potentialAction":[{"@type":"ReadAction","target":["https:\/\/qrprincipal.com\/terminos-y-condiciones-del-cupon\/"]}]},{"@type":"BreadcrumbList","@id":"https:\/\/qrprincipal.com\/terminos-y-condiciones-del-cupon\/#breadcrumb","itemListElement":[{"@type":"ListItem","position":1,"name":"Portada","item":"https:\/\/qrprincipal.com\/"},{"@type":"ListItem","position":2,"name":"T\u00e9rminos y condiciones del cup\u00f3n"}]},{"@type":"WebSite","@id":"https:\/\/qrprincipal.com\/#website","url":"https:\/\/qrprincipal.com\/","name":"QRPRINCIPAL","description":"","publisher":{"@id":"https:\/\/qrprincipal.com\/#organization"},"potentialAction":[{"@type":"SearchAction","target":{"@type":"EntryPoint","urlTemplate":"https:\/\/qrprincipal.com\/?s={search_term_string}"},"query-input":"required name=search_term_string"}],"inLanguage":"en-US"},{"@type":"Organization","@id":"https:\/\/qrprincipal.com\/#organization","name":"QRPRINCIPAL","alternateName":"QRP","url":"https:\/\/qrprincipal.com\/","logo":{"@type":"ImageObject","inLanguage":"en-US","@id":"https:\/\/qrprincipal.com\/#\/schema\/logo\/image\/","url":"https:\/\/qrprincipal.com\/wp-content\/uploads\/2022\/12\/redesqrprincipal.jpg","contentUrl":"https:\/\/qrprincipal.com\/wp-content\/uploads\/2022\/12\/redesqrprincipal.jpg","width":500,"height":500,"caption":"QRPRINCIPAL"},"image":{"@id":"https:\/\/qrprincipal.com\/#\/schema\/logo\/image\/"}}]}},"_links":{"self":[{"href":"https:\/\/qrprincipal.com\/en\/wp-json\/wp\/v2\/pages\/3250"}],"collection":[{"href":"https:\/\/qrprincipal.com\/en\/wp-json\/wp\/v2\/pages"}],"about":[{"href":"https:\/\/qrprincipal.com\/en\/wp-json\/wp\/v2\/types\/page"}],"author":[{"embeddable":true,"href":"https:\/\/qrprincipal.com\/en\/wp-json\/wp\/v2\/users\/1"}],"replies":[{"embeddable":true,"href":"https:\/\/qrprincipal.com\/en\/wp-json\/wp\/v2\/comments?post=3250"}],"version-history":[{"count":0,"href":"https:\/\/qrprincipal.com\/en\/wp-json\/wp\/v2\/pages\/3250\/revisions"}],"wp:attachment":[{"href":"https:\/\/qrprincipal.com\/en\/wp-json\/wp\/v2\/media?parent=3250"}],"wp:term":[{"taxonomy":"folder","embeddable":true,"href":"https:\/\/qrprincipal.com\/en\/wp-json\/wp\/v2\/folder?post=3250"}],"curies":[{"name":"wp","href":"https:\/\/api.w.org\/{rel}","templated":true}]}}